{"id":977,"date":"2025-09-29T16:36:39","date_gmt":"2025-09-29T16:36:39","guid":{"rendered":"https:\/\/www.naturominta.com\/?post_type=product&#038;p=977"},"modified":"2025-10-03T11:26:41","modified_gmt":"2025-10-03T11:26:41","slug":"happy-mind","status":"publish","type":"product","link":"https:\/\/www.naturominta.com\/fr\/produit\/happy-mind\/","title":{"rendered":"Happy Mind"},"content":{"rendered":"<div class=\"elementor-element elementor-element-fd0febf elementor-widget elementor-widget-heading\" data-id=\"fd0febf\" data-element_type=\"widget\" data-widget_type=\"heading.default\">\n<h2 class=\"elementor-heading-title elementor-size-default\"><span style=\"font-family: inherit;\">Retrouvez votre calme, \u00e9quilibre et vitalit\u00e9 tout en apprenant \u00e0 g\u00e9rer le stress du quotidien gr\u00e2ce \u00e0 des solutions naturelles.<\/span><\/h2>\n<\/div>\n<div class=\"elementor-element elementor-element-66287a6 elementor-widget elementor-widget-heading\" data-id=\"66287a6\" data-element_type=\"widget\" data-widget_type=\"heading.default\">\n<h2 class=\"elementor-heading-title elementor-size-default\">You\u2019ll receive personalized support to strengthen your serenity and release inner tension.<\/h2>\n<\/div>\n<p data-start=\"129\" data-end=\"316\">\u2714\ufe0f <strong data-start=\"132\" data-end=\"172\">Un bilan naturopathique (90 min) + kit d'initiation<\/strong><br data-start=\"172\" data-end=\"175\" \/>Une s\u00e9ance personnalis\u00e9e pour faire le point sur votre situation et vos besoins, d\u00e9finir des objectifs clairs et repartir avec un plan concret adapt\u00e9 \u00e0 votre mode de vie.<br data-start=\"298\" data-end=\"301\" \/><strong><em data-start=\"301\" data-end=\"314\">Valeur 120\u20ac<\/em><\/strong><\/p>\n<p data-start=\"318\" data-end=\"492\">\u2714\ufe0f 3<strong data-start=\"321\" data-end=\"372\">\u00a0Suivi Naturopathiques (3 s\u00e9ances de 45 min)<\/strong><br data-start=\"372\" data-end=\"375\" \/>Un accompagnement continu pour rester motiv\u00e9e, affiner votre programme et ancrer durablement de saines habitudes.<br data-start=\"474\" data-end=\"477\" \/><strong><em data-start=\"477\" data-end=\"490\">Valeur 180\u20ac<\/em><\/strong><\/p>\n<p data-start=\"494\" data-end=\"619\">\u2714\ufe0f <strong data-start=\"497\" data-end=\"534\">Massage Anti-Stress de votre choix (3 heures)<\/strong><br data-start=\"534\" data-end=\"537\" \/>Choisissez entre un massage californien-su\u00e9dois, ayurv\u00e9dique yogique ou Amma assis.\nChaque s\u00e9ance comprend :<\/p>\n<ul data-start=\"620\" data-end=\"774\">\n<li data-start=\"620\" data-end=\"664\">\n<p data-start=\"622\" data-end=\"664\">\ud83c\udf3f Des huiles de massage et huiles essentielles biologiques<\/p>\n<\/li>\n<li data-start=\"701\" data-end=\"774\">\n<p data-start=\"703\" data-end=\"774\">\ud83c\udf38 Aromath\u00e9rapie pour lib\u00e9rer le stress et r\u00e9tablir l\u2019\u00e9quilibre<\/p>\n<\/li>\n<li data-start=\"701\" data-end=\"774\">\n<p data-start=\"703\" data-end=\"774\">\ud83c\udf75 Tisane biologique servie apr\u00e8s votre massage<br data-start=\"756\" data-end=\"759\" \/><strong><em data-start=\"759\" data-end=\"772\">Valeur: 270\u20ac<\/em><\/strong><\/p>\n<\/li>\n<\/ul>\n<p data-start=\"781\" data-end=\"850\">\ud83d\udc8e <strong data-start=\"784\" data-end=\"805\">Valeur totale : 570 \u20ac<\/strong><br data-start=\"805\" data-end=\"808\" \/>\ud83d\udc49 <strong data-start=\"811\" data-end=\"836\">Votre investissement : 541 \u20ac<\/strong><\/p>\n<p data-start=\"781\" data-end=\"850\"><strong>You save \u20ac57 and installments are possible<\/strong><\/p>\n<p data-start=\"781\" data-end=\"850\"><em><strong>\u23f3 Offre \u00e0 utiliser dans un d\u00e9lai de 6 mois <\/strong><\/em><em><strong>pour profiter pleinement des bienfaits<\/strong><\/em><\/p>","protected":false},"excerpt":{"rendered":"<p>Regain calm, balance, and energy while managing daily stress with natural solutions. You\u2019ll receive personalized support to strengthen your serenity and release inner tension. \u2714\ufe0f 1 Naturopathic Consultation (90 min) + Starter KitA personalized session to understand your current situation and needs, to set clear goals, and leave with a concrete plan adapted to your&#8230;<\/p>","protected":false},"featured_media":372,"template":"","meta":{"_kadence_starter_templates_imported_post":false,"_kad_post_transparent":"default","_kad_post_title":"","_kad_post_layout":"default","_kad_post_sidebar_id":"","_kad_post_content_style":"default","_kad_post_vertical_padding":"default","_kad_post_feature":"","_kad_post_feature_position":"","_kad_post_header":false,"_kad_post_footer":false},"product_brand":[],"product_cat":[95],"product_tag":[],"class_list":{"0":"post-977","1":"product","2":"type-product","3":"status-publish","4":"has-post-thumbnail","6":"product_cat-bordeaux-pessac-offers","8":"first","9":"instock","10":"shipping-taxable","11":"purchasable","12":"product-type-simple","13":"entry","14":"content-bg","15":"loop-entry"},"_links":{"self":[{"href":"https:\/\/www.naturominta.com\/fr\/wp-json\/wp\/v2\/product\/977","targetHints":{"allow":["GET"]}}],"collection":[{"href":"https:\/\/www.naturominta.com\/fr\/wp-json\/wp\/v2\/product"}],"about":[{"href":"https:\/\/www.naturominta.com\/fr\/wp-json\/wp\/v2\/types\/product"}],"wp:featuredmedia":[{"embeddable":true,"href":"https:\/\/www.naturominta.com\/fr\/wp-json\/wp\/v2\/media\/372"}],"wp:attachment":[{"href":"https:\/\/www.naturominta.com\/fr\/wp-json\/wp\/v2\/media?parent=977"}],"wp:term":[{"taxonomy":"product_brand","embeddable":true,"href":"https:\/\/www.naturominta.com\/fr\/wp-json\/wp\/v2\/product_brand?post=977"},{"taxonomy":"product_cat","embeddable":true,"href":"https:\/\/www.naturominta.com\/fr\/wp-json\/wp\/v2\/product_cat?post=977"},{"taxonomy":"product_tag","embeddable":true,"href":"https:\/\/www.naturominta.com\/fr\/wp-json\/wp\/v2\/product_tag?post=977"}],"curies":[{"name":"wp","href":"https:\/\/api.w.org\/{rel}","templated":true}]}}