{"id":976,"date":"2025-09-29T16:36:22","date_gmt":"2025-09-29T16:36:22","guid":{"rendered":"https:\/\/www.naturominta.com\/?post_type=product&#038;p=976"},"modified":"2025-10-03T11:27:04","modified_gmt":"2025-10-03T11:27:04","slug":"happy-body","status":"publish","type":"product","link":"https:\/\/www.naturominta.com\/fr\/produit\/happy-body\/","title":{"rendered":"Happy Body"},"content":{"rendered":"<h2 class=\"elementor-heading-title elementor-size-default\">Lighten your body, refine your silhouette, and regain confidence with natural weight management support. Enjoy targeted massages that reduce the appearance of cellulite, stimulate circulation and boost your metabolism.<\/h2>\n<p><strong data-start=\"211\" data-end=\"246\">Ce que comprend cette offre :<\/strong><\/p>\n<p data-start=\"250\" data-end=\"452\">\u2714\ufe0f <strong data-start=\"253\" data-end=\"293\">Un bilan naturopathique (90 min) + kit d'initiation<\/strong><br data-start=\"293\" data-end=\"296\" \/>Une s\u00e9ance personnalis\u00e9e pour explorer votre parcours de sant\u00e9, vos habitudes actuelles et vos objectifs de poids, avec un plan concret adapt\u00e9 \u00e0 votre mode de vie.<br data-start=\"434\" data-end=\"437\" \/><em data-start=\"437\" data-end=\"450\">Valeur 120\u20ac<\/em><\/p>\n<p data-start=\"454\" data-end=\"636\">\u2714\ufe0f <strong data-start=\"457\" data-end=\"508\">Suivis Naturopathiques (3 s\u00e9ances de 45 min)<\/strong><br data-start=\"508\" data-end=\"511\" \/>Un suivi progressif pour vous aider \u00e0 rester motiv\u00e9, ajuster votre parcours et consolider vos nouvelles habitudes pour des r\u00e9sultats qui durent.<br data-start=\"618\" data-end=\"621\" \/><em data-start=\"621\" data-end=\"634\">Valeur 180\u20ac<\/em><\/p>\n<p data-start=\"638\" data-end=\"802\">\u2714\ufe0f <strong data-start=\"641\" data-end=\"676\">Massages Tui Na Minceur (5 s\u00e9ances de 60 min)<\/strong><br data-start=\"676\" data-end=\"679\" \/>Un massage chinois dynamique qui stimule la circulation, lib\u00e8re les blocages, aide \u00e0 r\u00e9duire la cellulite et favorise la perte de poids.\nChaque s\u00e9ance comprend :<\/p>\n<ul data-start=\"803\" data-end=\"969\">\n<li data-start=\"803\" data-end=\"847\">\n<p data-start=\"805\" data-end=\"847\">\ud83c\udf3f Des huiles de massage et huiles essentielles biologiques<\/p>\n<\/li>\n<li data-start=\"848\" data-end=\"901\">\n<p data-start=\"850\" data-end=\"901\">\ud83c\udf38 Aromath\u00e9rapie pour une relaxation profonde et un meilleur \u00e9quilibre<\/p>\n<\/li>\n<li data-start=\"902\" data-end=\"969\">\n<p data-start=\"904\" data-end=\"969\">\ud83c\udf75 Tisane biologique servie apr\u00e8s votre massage<br data-start=\"951\" data-end=\"954\" \/><em data-start=\"954\" data-end=\"967\">Valeur: 400\u20ac<\/em><\/p>\n<\/li>\n<\/ul>\n<p data-start=\"971\" data-end=\"1028\">\ud83d\udc8e <strong data-start=\"974\" data-end=\"995\">Valeur totale : 750 \u20ac<\/strong><br data-start=\"995\" data-end=\"998\" \/>\ud83d\udc49 <strong data-start=\"1001\" data-end=\"1026\">Votre investissement : 712 \u20ac<\/strong><\/p>\n<p data-start=\"1030\" data-end=\"1087\"><strong>\u2728 Vous \u00e9conomisez 38 \u20ac et des paiements en plusieurs fois sont possibles.<\/strong><\/p>\n<p data-start=\"1030\" data-end=\"1087\"><em><strong>\u23f3 Offre \u00e0 utiliser dans un d\u00e9lai de 6 mois <\/strong><\/em><em><strong>pour profiter pleinement des bienfaits<\/strong><\/em><\/p>","protected":false},"excerpt":{"rendered":"<p>Lighten your body, refine your silhouette, and regain confidence with natural weight management support. Enjoy targeted massages that reduce the appearance of cellulite, stimulate circulation and boost your metabolism. What you get with this package: \u2714\ufe0f 1 Naturopathic Consultation (90 min) + Starter KitA personalized session to explore your health history, current habits, and weight&#8230;<\/p>","protected":false},"featured_media":371,"template":"","meta":{"_kadence_starter_templates_imported_post":false,"_kad_post_transparent":"default","_kad_post_title":"","_kad_post_layout":"default","_kad_post_sidebar_id":"","_kad_post_content_style":"default","_kad_post_vertical_padding":"default","_kad_post_feature":"","_kad_post_feature_position":"","_kad_post_header":false,"_kad_post_footer":false},"product_brand":[],"product_cat":[95],"product_tag":[],"class_list":{"0":"post-976","1":"product","2":"type-product","3":"status-publish","4":"has-post-thumbnail","6":"product_cat-bordeaux-pessac-offers","8":"first","9":"instock","10":"shipping-taxable","11":"purchasable","12":"product-type-simple","13":"entry","14":"content-bg","15":"loop-entry"},"_links":{"self":[{"href":"https:\/\/www.naturominta.com\/fr\/wp-json\/wp\/v2\/product\/976","targetHints":{"allow":["GET"]}}],"collection":[{"href":"https:\/\/www.naturominta.com\/fr\/wp-json\/wp\/v2\/product"}],"about":[{"href":"https:\/\/www.naturominta.com\/fr\/wp-json\/wp\/v2\/types\/product"}],"wp:featuredmedia":[{"embeddable":true,"href":"https:\/\/www.naturominta.com\/fr\/wp-json\/wp\/v2\/media\/371"}],"wp:attachment":[{"href":"https:\/\/www.naturominta.com\/fr\/wp-json\/wp\/v2\/media?parent=976"}],"wp:term":[{"taxonomy":"product_brand","embeddable":true,"href":"https:\/\/www.naturominta.com\/fr\/wp-json\/wp\/v2\/product_brand?post=976"},{"taxonomy":"product_cat","embeddable":true,"href":"https:\/\/www.naturominta.com\/fr\/wp-json\/wp\/v2\/product_cat?post=976"},{"taxonomy":"product_tag","embeddable":true,"href":"https:\/\/www.naturominta.com\/fr\/wp-json\/wp\/v2\/product_tag?post=976"}],"curies":[{"name":"wp","href":"https:\/\/api.w.org\/{rel}","templated":true}]}}